{"id":215,"date":"2013-11-04T13:11:07","date_gmt":"2013-11-04T11:11:07","guid":{"rendered":"http:\/\/aiwil.veebikoda.com\/?page_id=215"},"modified":"2013-11-04T13:11:07","modified_gmt":"2013-11-04T11:11:07","slug":"%d0%bf%d1%80%d0%be%d1%82%d0%b8%d0%b2%d0%be%d0%b4%d0%b5%d0%b9%d1%81%d1%82%d0%b2%d0%b8%d0%b5-%d0%be%d1%82%d0%bc%d1%8b%d0%b2%d0%b0%d0%bd%d0%b8%d1%8e-%d0%b4%d0%b5%d0%bd%d0%b5%d0%b3","status":"publish","type":"page","link":"https:\/\/aiwil.ee\/ru\/%d1%81%d1%84%d0%b5%d1%80%d1%8b-%d0%b4%d0%b5%d1%8f%d1%82%d0%b5%d0%bb%d1%8c%d0%bd%d0%be%d1%81%d1%82%d0%b8\/%d0%bf%d1%80%d0%be%d1%82%d0%b8%d0%b2%d0%be%d0%b4%d0%b5%d0%b9%d1%81%d1%82%d0%b2%d0%b8%d0%b5-%d0%be%d1%82%d0%bc%d1%8b%d0%b2%d0%b0%d0%bd%d0%b8%d1%8e-%d0%b4%d0%b5%d0%bd%d0%b5%d0%b3\/","title":{"rendered":"\u041f\u0440\u043e\u0442\u0438\u0432\u043e\u0434\u0435\u0439\u0441\u0442\u0432\u0438\u0435 \u043e\u0442\u043c\u044b\u0432\u0430\u043d\u0438\u044e \u0434\u0435\u043d\u0435\u0433"},"content":{"rendered":"<p><img loading=\"lazy\" decoding=\"async\" class=\"aligncenter size-full wp-image-111\" alt=\"Rahapesu t\u00f5kestamine - AiWil \u00f5igusb\u00fcroo\" src=\"https:\/\/aiwil.ee\/wp-content\/uploads\/2013\/10\/foto-kodulehele.jpg\" width=\"648\" height=\"298\" srcset=\"https:\/\/aiwil.ee\/wp-content\/uploads\/2013\/10\/foto-kodulehele.jpg 648w, https:\/\/aiwil.ee\/wp-content\/uploads\/2013\/10\/foto-kodulehele-300x137.jpg 300w\" sizes=\"(max-width: 648px) 100vw, 648px\" \/>\u041c\u044b \u043f\u0440\u0435\u0434\u043b\u0430\u0433\u0430\u0435\u043c \u043f\u0440\u0430\u0432\u043e\u0432\u0443\u044e \u043f\u043e\u043c\u043e\u0449\u044c \u0438 \u043e\u0431\u0443\u0447\u0435\u043d\u0438\u0435 \u0441\u0443\u0431\u044a\u0435\u043a\u0442\u0430\u043c \u0417\u0430\u043a\u043e\u043d\u0430 \u043e \u043f\u0440\u043e\u0442\u0438\u0432\u043e\u0434\u0435\u0439\u0441\u0442\u0432\u0438\u0438 \u043e\u0442\u043c\u044b\u0432\u0430\u043d\u0438\u044e \u0434\u0435\u043d\u0435\u0433 \u0438 \u0444\u0438\u043d\u0430\u043d\u0441\u0438\u0440\u043e\u0432\u0430\u043d\u0438\u044e \u0442\u0435\u0440\u0440\u043e\u0440\u0438\u0437\u043c\u0430.<\/p>\n<p>&nbsp;<\/p>\n<p>&nbsp;<\/p>\n<p>&nbsp;<\/p>","protected":false},"excerpt":{"rendered":"<p>\u041c\u044b \u043f\u0440\u0435\u0434\u043b\u0430\u0433\u0430\u0435\u043c \u043f\u0440\u0430\u0432\u043e\u0432\u0443\u044e \u043f\u043e\u043c\u043e\u0449\u044c \u0438 \u043e\u0431\u0443\u0447\u0435\u043d\u0438\u0435 \u0441\u0443\u0431\u044a\u0435\u043a\u0442\u0430\u043c \u0417\u0430\u043a\u043e\u043d\u0430 \u043e \u043f\u0440\u043e\u0442\u0438\u0432\u043e\u0434\u0435\u0439\u0441\u0442\u0432\u0438\u0438 \u043e\u0442\u043c\u044b\u0432\u0430\u043d\u0438\u044e \u0434\u0435\u043d\u0435\u0433 \u0438 \u0444\u0438\u043d\u0430\u043d\u0441\u0438\u0440\u043e\u0432\u0430\u043d\u0438\u044e \u0442\u0435\u0440\u0440\u043e\u0440\u0438\u0437\u043c\u0430. &nbsp; &nbsp; &nbsp;<\/p>\n","protected":false},"author":1,"featured_media":0,"parent":199,"menu_order":0,"comment_status":"closed","ping_status":"closed","template":"","meta":{"footnotes":""},"_links":{"self":[{"href":"https:\/\/aiwil.ee\/ru\/wp-json\/wp\/v2\/pages\/215"}],"collection":[{"href":"https:\/\/aiwil.ee\/ru\/wp-json\/wp\/v2\/pages"}],"about":[{"href":"https:\/\/aiwil.ee\/ru\/wp-json\/wp\/v2\/types\/page"}],"author":[{"embeddable":true,"href":"https:\/\/aiwil.ee\/ru\/wp-json\/wp\/v2\/users\/1"}],"replies":[{"embeddable":true,"href":"https:\/\/aiwil.ee\/ru\/wp-json\/wp\/v2\/comments?post=215"}],"version-history":[{"count":1,"href":"https:\/\/aiwil.ee\/ru\/wp-json\/wp\/v2\/pages\/215\/revisions"}],"predecessor-version":[{"id":216,"href":"https:\/\/aiwil.ee\/ru\/wp-json\/wp\/v2\/pages\/215\/revisions\/216"}],"up":[{"embeddable":true,"href":"https:\/\/aiwil.ee\/ru\/wp-json\/wp\/v2\/pages\/199"}],"wp:attachment":[{"href":"https:\/\/aiwil.ee\/ru\/wp-json\/wp\/v2\/media?parent=215"}],"curies":[{"name":"wp","href":"https:\/\/api.w.org\/{rel}","templated":true}]}}