{"id":180,"date":"2013-11-04T12:47:42","date_gmt":"2013-11-04T10:47:42","guid":{"rendered":"http:\/\/aiwil.veebikoda.com\/?page_id=180"},"modified":"2013-11-04T12:47:49","modified_gmt":"2013-11-04T10:47:49","slug":"prevention-money-laundering","status":"publish","type":"page","link":"https:\/\/aiwil.ee\/en\/areas-activity\/prevention-money-laundering\/","title":{"rendered":"Prevention of Money Laundering"},"content":{"rendered":"<p><img loading=\"lazy\" decoding=\"async\" class=\"aligncenter size-full wp-image-111\" alt=\"Rahapesu t\u00f5kestamine - AiWil \u00f5igusb\u00fcroo\" src=\"https:\/\/aiwil.ee\/wp-content\/uploads\/2013\/10\/foto-kodulehele.jpg\" width=\"648\" height=\"298\" srcset=\"https:\/\/aiwil.ee\/wp-content\/uploads\/2013\/10\/foto-kodulehele.jpg 648w, https:\/\/aiwil.ee\/wp-content\/uploads\/2013\/10\/foto-kodulehele-300x137.jpg 300w\" sizes=\"(max-width: 648px) 100vw, 648px\" \/><\/p>\n<p>We provide legal advice and organise trainings on prevention of money laundering and terrorism financing for law subjects.<\/p>\n<p>&nbsp;<\/p>\n<p>&nbsp;<\/p>","protected":false},"excerpt":{"rendered":"<p>We provide legal advice and organise trainings on prevention of money laundering and terrorism financing for law subjects. &nbsp; &nbsp;<\/p>\n","protected":false},"author":1,"featured_media":0,"parent":170,"menu_order":0,"comment_status":"closed","ping_status":"closed","template":"","meta":{"footnotes":""},"_links":{"self":[{"href":"https:\/\/aiwil.ee\/en\/wp-json\/wp\/v2\/pages\/180"}],"collection":[{"href":"https:\/\/aiwil.ee\/en\/wp-json\/wp\/v2\/pages"}],"about":[{"href":"https:\/\/aiwil.ee\/en\/wp-json\/wp\/v2\/types\/page"}],"author":[{"embeddable":true,"href":"https:\/\/aiwil.ee\/en\/wp-json\/wp\/v2\/users\/1"}],"replies":[{"embeddable":true,"href":"https:\/\/aiwil.ee\/en\/wp-json\/wp\/v2\/comments?post=180"}],"version-history":[{"count":1,"href":"https:\/\/aiwil.ee\/en\/wp-json\/wp\/v2\/pages\/180\/revisions"}],"predecessor-version":[{"id":182,"href":"https:\/\/aiwil.ee\/en\/wp-json\/wp\/v2\/pages\/180\/revisions\/182"}],"up":[{"embeddable":true,"href":"https:\/\/aiwil.ee\/en\/wp-json\/wp\/v2\/pages\/170"}],"wp:attachment":[{"href":"https:\/\/aiwil.ee\/en\/wp-json\/wp\/v2\/media?parent=180"}],"curies":[{"name":"wp","href":"https:\/\/api.w.org\/{rel}","templated":true}]}}